{"id":515,"date":"2026-03-17T21:21:11","date_gmt":"2026-03-17T18:21:11","guid":{"rendered":"https:\/\/foldbook.art\/articles\/?page_id=515"},"modified":"2026-03-18T12:00:41","modified_gmt":"2026-03-18T09:00:41","slug":"recommended-reading","status":"publish","type":"page","link":"https:\/\/foldbook.art\/articles\/de\/","title":{"rendered":"Empfohlene Artikel"},"content":{"rendered":"\n<div class=\"wp-block-group book-column is-style-card-group-shadow is-vertical is-layout-flex wp-container-core-group-is-layout-8cf370e7 wp-block-group-is-layout-flex\">\n<figure class=\"wp-block-image size-large is-style-card-image-shadow\"><a href=\"https:\/\/foldbook.art\/articles\/en\/book-template-generator-create-folding-patterns-online\/\"><img alt=\"\" loading=\"lazy\" decoding=\"async\" width=\"1024\" height=\"653\" src=\"https:\/\/foldbook.art\/articles\/wp-content\/uploads\/2026\/02\/\u0413\u0435\u043d\u0435\u0440\u0430\u0442\u043e\u0440-\u0448\u0430\u0431\u043b\u043e\u043d\u043e\u0432_1-1024x653.webp\" alt=\"\" class=\"wp-image-247\" srcset=\"https:\/\/foldbook.art\/articles\/wp-content\/uploads\/2026\/02\/\u0413\u0435\u043d\u0435\u0440\u0430\u0442\u043e\u0440-\u0448\u0430\u0431\u043b\u043e\u043d\u043e\u0432_1-1024x653.webp 1024w, https:\/\/foldbook.art\/articles\/wp-content\/uploads\/2026\/02\/\u0413\u0435\u043d\u0435\u0440\u0430\u0442\u043e\u0440-\u0448\u0430\u0431\u043b\u043e\u043d\u043e\u0432_1-300x191.webp 300w, https:\/\/foldbook.art\/articles\/wp-content\/uploads\/2026\/02\/\u0413\u0435\u043d\u0435\u0440\u0430\u0442\u043e\u0440-\u0448\u0430\u0431\u043b\u043e\u043d\u043e\u0432_1-768x490.webp 768w, https:\/\/foldbook.art\/articles\/wp-content\/uploads\/2026\/02\/\u0413\u0435\u043d\u0435\u0440\u0430\u0442\u043e\u0440-\u0448\u0430\u0431\u043b\u043e\u043d\u043e\u0432_1-1536x979.webp 1536w, https:\/\/foldbook.art\/articles\/wp-content\/uploads\/2026\/02\/\u0413\u0435\u043d\u0435\u0440\u0430\u0442\u043e\u0440-\u0448\u0430\u0431\u043b\u043e\u043d\u043e\u0432_1-640x408.webp 640w, https:\/\/foldbook.art\/articles\/wp-content\/uploads\/2026\/02\/\u0413\u0435\u043d\u0435\u0440\u0430\u0442\u043e\u0440-\u0448\u0430\u0431\u043b\u043e\u043d\u043e\u0432_1.webp 1920w\" sizes=\"auto, (max-width: 1024px) 100vw, 1024px\" \/><\/a><\/figure>\n\n\n\n<div class=\"wp-block-group is-vertical is-layout-flex wp-container-core-group-is-layout-8cf370e7 wp-block-group-is-layout-flex\">\n<p class=\"has-black-color has-text-color has-link-color wp-elements-f5dfbfb965a4bf9124b8e6869e51eec6\" style=\"font-size:24px;font-style:normal;font-weight:700\"><a href=\"https:\/\/foldbook.art\/articles\/de\/bucht-vorlagen-generator-faltmuster-online-erstellen\/\" data-type=\"link\" data-id=\"https:\/\/foldbook.art\/articles\/de\/bucht-vorlagen-generator-faltmuster-online-erstellen\/\">Bucht-Vorlagen-Generator: Faltmuster online erstellen<\/a><\/p>\n<\/div>\n<\/div>\n\n\n\n<div class=\"wp-block-group book-column is-style-card-group-shadow is-vertical is-layout-flex wp-container-core-group-is-layout-8cf370e7 wp-block-group-is-layout-flex\">\n<figure class=\"wp-block-image size-large is-style-card-image-shadow\"><a href=\"https:\/\/foldbook.art\/articles\/en\/the-art-of-book-page-folding-from-simple-to-complex\/\"><img alt=\"\" loading=\"lazy\" decoding=\"async\" width=\"1024\" height=\"653\" src=\"https:\/\/foldbook.art\/articles\/wp-content\/uploads\/2026\/02\/\u0418\u0441\u043a\u0443\u0441\u0441\u0442\u0432\u043e-\u0441\u043a\u043b\u0430\u0434\u044b\u0432\u0430\u043d\u0438\u044f_1-1024x653.webp\" alt=\"\" class=\"wp-image-125\" srcset=\"https:\/\/foldbook.art\/articles\/wp-content\/uploads\/2026\/02\/\u0418\u0441\u043a\u0443\u0441\u0441\u0442\u0432\u043e-\u0441\u043a\u043b\u0430\u0434\u044b\u0432\u0430\u043d\u0438\u044f_1-1024x653.webp 1024w, https:\/\/foldbook.art\/articles\/wp-content\/uploads\/2026\/02\/\u0418\u0441\u043a\u0443\u0441\u0441\u0442\u0432\u043e-\u0441\u043a\u043b\u0430\u0434\u044b\u0432\u0430\u043d\u0438\u044f_1-300x191.webp 300w, https:\/\/foldbook.art\/articles\/wp-content\/uploads\/2026\/02\/\u0418\u0441\u043a\u0443\u0441\u0441\u0442\u0432\u043e-\u0441\u043a\u043b\u0430\u0434\u044b\u0432\u0430\u043d\u0438\u044f_1-768x490.webp 768w, https:\/\/foldbook.art\/articles\/wp-content\/uploads\/2026\/02\/\u0418\u0441\u043a\u0443\u0441\u0441\u0442\u0432\u043e-\u0441\u043a\u043b\u0430\u0434\u044b\u0432\u0430\u043d\u0438\u044f_1-1536x979.webp 1536w, https:\/\/foldbook.art\/articles\/wp-content\/uploads\/2026\/02\/\u0418\u0441\u043a\u0443\u0441\u0441\u0442\u0432\u043e-\u0441\u043a\u043b\u0430\u0434\u044b\u0432\u0430\u043d\u0438\u044f_1-640x408.webp 640w, https:\/\/foldbook.art\/articles\/wp-content\/uploads\/2026\/02\/\u0418\u0441\u043a\u0443\u0441\u0441\u0442\u0432\u043e-\u0441\u043a\u043b\u0430\u0434\u044b\u0432\u0430\u043d\u0438\u044f_1.webp 1920w\" sizes=\"auto, (max-width: 1024px) 100vw, 1024px\" \/><\/a><\/figure>\n\n\n\n<div class=\"wp-block-group is-vertical is-layout-flex wp-container-core-group-is-layout-8cf370e7 wp-block-group-is-layout-flex\">\n<p class=\"has-black-color has-text-color has-link-color wp-elements-b7e1b50b6d4c7f7d2e05cbde77237a1d\" style=\"font-size:24px;font-style:normal;font-weight:700\"><a href=\"https:\/\/foldbook.art\/articles\/de\/die-kunst-des-faltens-von-buchseiten-von-einfach-bis-komplex\/\" data-type=\"link\" data-id=\"https:\/\/foldbook.art\/articles\/de\/die-kunst-des-faltens-von-buchseiten-von-einfach-bis-komplex\/\">Die Kunst des Faltens von Buchseiten: Von einfach bis komplex<\/a><\/p>\n<\/div>\n<\/div>\n\n\n\n<div class=\"wp-block-group book-column is-style-card-group-shadow is-vertical is-layout-flex wp-container-core-group-is-layout-8cf370e7 wp-block-group-is-layout-flex\">\n<figure class=\"wp-block-image size-large is-style-card-image-shadow\"><a href=\"https:\/\/foldbook.art\/articles\/en\/gifts-from-books-diy-original-ideas-for-loved-ones\/\"><img alt=\"\" loading=\"lazy\" decoding=\"async\" width=\"1024\" height=\"653\" src=\"https:\/\/foldbook.art\/articles\/wp-content\/uploads\/2026\/02\/\u041f\u043e\u0434\u0430\u0440\u043e\u043a-\u0438\u0437-\u043a\u043d\u0438\u0433\u0438_1-1024x653.webp\" alt=\"\" class=\"wp-image-177\" srcset=\"https:\/\/foldbook.art\/articles\/wp-content\/uploads\/2026\/02\/\u041f\u043e\u0434\u0430\u0440\u043e\u043a-\u0438\u0437-\u043a\u043d\u0438\u0433\u0438_1-1024x653.webp 1024w, https:\/\/foldbook.art\/articles\/wp-content\/uploads\/2026\/02\/\u041f\u043e\u0434\u0430\u0440\u043e\u043a-\u0438\u0437-\u043a\u043d\u0438\u0433\u0438_1-300x191.webp 300w, https:\/\/foldbook.art\/articles\/wp-content\/uploads\/2026\/02\/\u041f\u043e\u0434\u0430\u0440\u043e\u043a-\u0438\u0437-\u043a\u043d\u0438\u0433\u0438_1-768x490.webp 768w, https:\/\/foldbook.art\/articles\/wp-content\/uploads\/2026\/02\/\u041f\u043e\u0434\u0430\u0440\u043e\u043a-\u0438\u0437-\u043a\u043d\u0438\u0433\u0438_1-1536x979.webp 1536w, https:\/\/foldbook.art\/articles\/wp-content\/uploads\/2026\/02\/\u041f\u043e\u0434\u0430\u0440\u043e\u043a-\u0438\u0437-\u043a\u043d\u0438\u0433\u0438_1-640x408.webp 640w, https:\/\/foldbook.art\/articles\/wp-content\/uploads\/2026\/02\/\u041f\u043e\u0434\u0430\u0440\u043e\u043a-\u0438\u0437-\u043a\u043d\u0438\u0433\u0438_1.webp 1920w\" sizes=\"auto, (max-width: 1024px) 100vw, 1024px\" \/><\/a><\/figure>\n\n\n\n<div class=\"wp-block-group is-vertical is-layout-flex wp-container-core-group-is-layout-8cf370e7 wp-block-group-is-layout-flex\">\n<p class=\"has-black-color has-text-color has-link-color wp-elements-57488aa0ed12d5c96aedf35aae3c8a14\" style=\"font-size:24px;font-style:normal;font-weight:700\"><a href=\"https:\/\/foldbook.art\/articles\/de\/geschenke-aus-buchern-diy-originelle-ideen-fur-deine-liebsten\/\" data-type=\"link\" data-id=\"https:\/\/foldbook.art\/articles\/de\/geschenke-aus-buchern-diy-originelle-ideen-fur-deine-liebsten\/\">Geschenke aus B\u00fcchern DIY: Originelle Ideen f\u00fcr deine Liebsten<\/a><\/p>\n<\/div>\n<\/div>\n\n\n\n<div class=\"wp-block-group book-column is-style-card-group-shadow is-vertical is-layout-flex wp-container-core-group-is-layout-8cf370e7 wp-block-group-is-layout-flex\">\n<figure class=\"wp-block-image size-large is-style-card-image-shadow\"><a href=\"https:\/\/foldbook.art\/articles\/en\/book-crafts-creative-ideas-for-home-and-gifts\/\"><img alt=\"\" loading=\"lazy\" decoding=\"async\" width=\"1024\" height=\"653\" src=\"https:\/\/foldbook.art\/articles\/wp-content\/uploads\/2026\/02\/\u0418\u0441\u043a\u0443\u0441\u0441\u0442\u0432\u043e-\u0441\u043a\u043b\u0430\u0434\u044b\u0432\u0430\u043d\u0438\u044f_2-1024x653.webp\" alt=\"\" class=\"wp-image-126\" srcset=\"https:\/\/foldbook.art\/articles\/wp-content\/uploads\/2026\/02\/\u0418\u0441\u043a\u0443\u0441\u0441\u0442\u0432\u043e-\u0441\u043a\u043b\u0430\u0434\u044b\u0432\u0430\u043d\u0438\u044f_2-1024x653.webp 1024w, https:\/\/foldbook.art\/articles\/wp-content\/uploads\/2026\/02\/\u0418\u0441\u043a\u0443\u0441\u0441\u0442\u0432\u043e-\u0441\u043a\u043b\u0430\u0434\u044b\u0432\u0430\u043d\u0438\u044f_2-300x191.webp 300w, https:\/\/foldbook.art\/articles\/wp-content\/uploads\/2026\/02\/\u0418\u0441\u043a\u0443\u0441\u0441\u0442\u0432\u043e-\u0441\u043a\u043b\u0430\u0434\u044b\u0432\u0430\u043d\u0438\u044f_2-768x490.webp 768w, https:\/\/foldbook.art\/articles\/wp-content\/uploads\/2026\/02\/\u0418\u0441\u043a\u0443\u0441\u0441\u0442\u0432\u043e-\u0441\u043a\u043b\u0430\u0434\u044b\u0432\u0430\u043d\u0438\u044f_2-1536x979.webp 1536w, https:\/\/foldbook.art\/articles\/wp-content\/uploads\/2026\/02\/\u0418\u0441\u043a\u0443\u0441\u0441\u0442\u0432\u043e-\u0441\u043a\u043b\u0430\u0434\u044b\u0432\u0430\u043d\u0438\u044f_2-640x408.webp 640w, https:\/\/foldbook.art\/articles\/wp-content\/uploads\/2026\/02\/\u0418\u0441\u043a\u0443\u0441\u0441\u0442\u0432\u043e-\u0441\u043a\u043b\u0430\u0434\u044b\u0432\u0430\u043d\u0438\u044f_2.webp 1920w\" sizes=\"auto, (max-width: 1024px) 100vw, 1024px\" \/><\/a><\/figure>\n\n\n\n<div class=\"wp-block-group is-vertical is-layout-flex wp-container-core-group-is-layout-8cf370e7 wp-block-group-is-layout-flex\">\n<p class=\"has-black-color has-text-color has-link-color wp-elements-b8730d97d418f9ceab37bc00d7b012be\" style=\"font-size:24px;font-style:normal;font-weight:700\"><a href=\"https:\/\/foldbook.art\/articles\/de\/buchbasteleien-kreative-ideen-fur-zuhause-und-geschenke\/\" data-type=\"link\" data-id=\"https:\/\/foldbook.art\/articles\/de\/buchbasteleien-kreative-ideen-fur-zuhause-und-geschenke\/\">Buchbasteleien: Kreative Ideen f\u00fcr Zuhause und Geschenke<\/a><\/p>\n<\/div>\n<\/div>\n\n\n\n<div class=\"wp-block-group book-column is-style-card-group-shadow is-vertical is-layout-flex wp-container-core-group-is-layout-8cf370e7 wp-block-group-is-layout-flex\">\n<figure class=\"wp-block-image size-large is-style-card-image-shadow\"><a href=\"https:\/\/foldbook.art\/articles\/en\/diy-book-sculpture-step-by-step-guide\/\"><img alt=\"\" loading=\"lazy\" decoding=\"async\" width=\"1024\" height=\"653\" src=\"https:\/\/foldbook.art\/articles\/wp-content\/uploads\/2026\/02\/\u041f\u043e\u0434\u0430\u0440\u043e\u043a-\u0438\u0437-\u043a\u043d\u0438\u0433\u0438_2-1024x653.webp\" alt=\"\" class=\"wp-image-181\" srcset=\"https:\/\/foldbook.art\/articles\/wp-content\/uploads\/2026\/02\/\u041f\u043e\u0434\u0430\u0440\u043e\u043a-\u0438\u0437-\u043a\u043d\u0438\u0433\u0438_2-1024x653.webp 1024w, https:\/\/foldbook.art\/articles\/wp-content\/uploads\/2026\/02\/\u041f\u043e\u0434\u0430\u0440\u043e\u043a-\u0438\u0437-\u043a\u043d\u0438\u0433\u0438_2-300x191.webp 300w, https:\/\/foldbook.art\/articles\/wp-content\/uploads\/2026\/02\/\u041f\u043e\u0434\u0430\u0440\u043e\u043a-\u0438\u0437-\u043a\u043d\u0438\u0433\u0438_2-768x490.webp 768w, https:\/\/foldbook.art\/articles\/wp-content\/uploads\/2026\/02\/\u041f\u043e\u0434\u0430\u0440\u043e\u043a-\u0438\u0437-\u043a\u043d\u0438\u0433\u0438_2-1536x979.webp 1536w, https:\/\/foldbook.art\/articles\/wp-content\/uploads\/2026\/02\/\u041f\u043e\u0434\u0430\u0440\u043e\u043a-\u0438\u0437-\u043a\u043d\u0438\u0433\u0438_2-640x408.webp 640w, https:\/\/foldbook.art\/articles\/wp-content\/uploads\/2026\/02\/\u041f\u043e\u0434\u0430\u0440\u043e\u043a-\u0438\u0437-\u043a\u043d\u0438\u0433\u0438_2.webp 1920w\" sizes=\"auto, (max-width: 1024px) 100vw, 1024px\" \/><\/a><\/figure>\n\n\n\n<div class=\"wp-block-group is-vertical is-layout-flex wp-container-core-group-is-layout-8cf370e7 wp-block-group-is-layout-flex\">\n<p class=\"has-black-color has-text-color has-link-color wp-elements-c3aef0a9096c385b900f20498e406c8c\" style=\"font-size:24px;font-style:normal;font-weight:700\"><a href=\"https:\/\/foldbook.art\/articles\/de\/diy-buchskulptur-schritt-fur-schritt-anleitung\/\" data-type=\"link\" data-id=\"https:\/\/foldbook.art\/articles\/de\/diy-buchskulptur-schritt-fur-schritt-anleitung\/\">DIY-Buchskulptur: Schritt-f\u00fcr-Schritt-Anleitung<\/a><\/p>\n<\/div>\n<\/div>\n\n\n<div class=\"book-column book-px-2 text-center mt-5 px-3\"><a role=\"button\" class=\"btn book-btn book-shadow btn-orange d-flex justify-content-center align-items-center text-center my-2 my-sm-3\" href=\"https:\/\/foldbook.art\/\/order\"><span class=\"book-no-bonus\"><img loading=\"lazy\" decoding=\"async\" class=\"ml-1\" src=\"https:\/\/foldbook.art\/img\/ic-book.svg\" width=\"30\" height=\"30\" alt=\"book\"><\/span><span class=\"ml-2 ml-md-3 mr-1\">Buy and start assembling the book<\/span><\/a><\/div>\n","protected":false},"excerpt":{"rendered":"<p>Bucht-Vorlagen-Generator: Faltmuster online erstellen Die Kunst des Faltens von Buchseiten: Von einfach bis komplex Geschenke aus B\u00fcchern DIY: Originelle Ideen f\u00fcr deine Liebsten Buchbasteleien: Kreative Ideen f\u00fcr Zuhause und Geschenke DIY-Buchskulptur: Schritt-f\u00fcr-Schritt-Anleitung<\/p>\n","protected":false},"author":1,"featured_media":0,"parent":0,"menu_order":0,"comment_status":"closed","ping_status":"closed","template":"","meta":{"_seopress_robots_primary_cat":"","_seopress_titles_title":"","_seopress_titles_desc":"","_seopress_robots_index":"","footnotes":""},"class_list":["post-515","page","type-page","status-publish","hentry"],"_links":{"self":[{"href":"https:\/\/foldbook.art\/articles\/wp-json\/wp\/v2\/pages\/515","targetHints":{"allow":["GET"]}}],"collection":[{"href":"https:\/\/foldbook.art\/articles\/wp-json\/wp\/v2\/pages"}],"about":[{"href":"https:\/\/foldbook.art\/articles\/wp-json\/wp\/v2\/types\/page"}],"author":[{"embeddable":true,"href":"https:\/\/foldbook.art\/articles\/wp-json\/wp\/v2\/users\/1"}],"replies":[{"embeddable":true,"href":"https:\/\/foldbook.art\/articles\/wp-json\/wp\/v2\/comments?post=515"}],"version-history":[{"count":3,"href":"https:\/\/foldbook.art\/articles\/wp-json\/wp\/v2\/pages\/515\/revisions"}],"predecessor-version":[{"id":580,"href":"https:\/\/foldbook.art\/articles\/wp-json\/wp\/v2\/pages\/515\/revisions\/580"}],"wp:attachment":[{"href":"https:\/\/foldbook.art\/articles\/wp-json\/wp\/v2\/media?parent=515"}],"curies":[{"name":"wp","href":"https:\/\/api.w.org\/{rel}","templated":true}]}}