{"id":533,"date":"2026-03-17T21:32:21","date_gmt":"2026-03-17T18:32:21","guid":{"rendered":"https:\/\/foldbook.art\/articles\/?page_id=533"},"modified":"2026-03-18T12:02:36","modified_gmt":"2026-03-18T09:02:36","slug":"recommended-reading-4","status":"publish","type":"page","link":"https:\/\/foldbook.art\/articles\/fr\/","title":{"rendered":"\u00c0 lire aussi"},"content":{"rendered":"\n<div class=\"wp-block-group book-column is-style-card-group-shadow is-vertical is-layout-flex wp-container-core-group-is-layout-8cf370e7 wp-block-group-is-layout-flex\">\n<figure class=\"wp-block-image size-large is-style-card-image-shadow\"><a href=\"https:\/\/foldbook.art\/articles\/en\/book-template-generator-create-folding-patterns-online\/\"><img alt=\"\" loading=\"lazy\" decoding=\"async\" width=\"1024\" height=\"653\" src=\"https:\/\/foldbook.art\/articles\/wp-content\/uploads\/2026\/02\/\u0413\u0435\u043d\u0435\u0440\u0430\u0442\u043e\u0440-\u0448\u0430\u0431\u043b\u043e\u043d\u043e\u0432_1-1024x653.webp\" alt=\"\" class=\"wp-image-247\" srcset=\"https:\/\/foldbook.art\/articles\/wp-content\/uploads\/2026\/02\/\u0413\u0435\u043d\u0435\u0440\u0430\u0442\u043e\u0440-\u0448\u0430\u0431\u043b\u043e\u043d\u043e\u0432_1-1024x653.webp 1024w, https:\/\/foldbook.art\/articles\/wp-content\/uploads\/2026\/02\/\u0413\u0435\u043d\u0435\u0440\u0430\u0442\u043e\u0440-\u0448\u0430\u0431\u043b\u043e\u043d\u043e\u0432_1-300x191.webp 300w, https:\/\/foldbook.art\/articles\/wp-content\/uploads\/2026\/02\/\u0413\u0435\u043d\u0435\u0440\u0430\u0442\u043e\u0440-\u0448\u0430\u0431\u043b\u043e\u043d\u043e\u0432_1-768x490.webp 768w, https:\/\/foldbook.art\/articles\/wp-content\/uploads\/2026\/02\/\u0413\u0435\u043d\u0435\u0440\u0430\u0442\u043e\u0440-\u0448\u0430\u0431\u043b\u043e\u043d\u043e\u0432_1-1536x979.webp 1536w, https:\/\/foldbook.art\/articles\/wp-content\/uploads\/2026\/02\/\u0413\u0435\u043d\u0435\u0440\u0430\u0442\u043e\u0440-\u0448\u0430\u0431\u043b\u043e\u043d\u043e\u0432_1-640x408.webp 640w, https:\/\/foldbook.art\/articles\/wp-content\/uploads\/2026\/02\/\u0413\u0435\u043d\u0435\u0440\u0430\u0442\u043e\u0440-\u0448\u0430\u0431\u043b\u043e\u043d\u043e\u0432_1.webp 1920w\" sizes=\"auto, (max-width: 1024px) 100vw, 1024px\" \/><\/a><\/figure>\n\n\n\n<div class=\"wp-block-group is-vertical is-layout-flex wp-container-core-group-is-layout-8cf370e7 wp-block-group-is-layout-flex\">\n<p class=\"has-black-color has-text-color has-link-color wp-elements-575795a53ee9fe86dfe0434fc1215431\" style=\"font-size:24px;font-style:normal;font-weight:700\"><a href=\"https:\/\/foldbook.art\/articles\/fr\/generateur-de-modeles-de-livres-creer-des-motifs-de-pliage-en-ligne\/\" data-type=\"page\" data-id=\"44\">G\u00e9n\u00e9rateur de mod\u00e8les de livres : cr\u00e9er des motifs de pliage en ligne<\/a><\/p>\n<\/div>\n<\/div>\n\n\n\n<div class=\"wp-block-group book-column is-style-card-group-shadow is-vertical is-layout-flex wp-container-core-group-is-layout-8cf370e7 wp-block-group-is-layout-flex\">\n<figure class=\"wp-block-image size-large is-style-card-image-shadow\"><a href=\"https:\/\/foldbook.art\/articles\/en\/the-art-of-book-page-folding-from-simple-to-complex\/\"><img alt=\"\" loading=\"lazy\" decoding=\"async\" width=\"1024\" height=\"653\" src=\"https:\/\/foldbook.art\/articles\/wp-content\/uploads\/2026\/02\/\u0418\u0441\u043a\u0443\u0441\u0441\u0442\u0432\u043e-\u0441\u043a\u043b\u0430\u0434\u044b\u0432\u0430\u043d\u0438\u044f_1-1024x653.webp\" alt=\"\" class=\"wp-image-125\" srcset=\"https:\/\/foldbook.art\/articles\/wp-content\/uploads\/2026\/02\/\u0418\u0441\u043a\u0443\u0441\u0441\u0442\u0432\u043e-\u0441\u043a\u043b\u0430\u0434\u044b\u0432\u0430\u043d\u0438\u044f_1-1024x653.webp 1024w, https:\/\/foldbook.art\/articles\/wp-content\/uploads\/2026\/02\/\u0418\u0441\u043a\u0443\u0441\u0441\u0442\u0432\u043e-\u0441\u043a\u043b\u0430\u0434\u044b\u0432\u0430\u043d\u0438\u044f_1-300x191.webp 300w, https:\/\/foldbook.art\/articles\/wp-content\/uploads\/2026\/02\/\u0418\u0441\u043a\u0443\u0441\u0441\u0442\u0432\u043e-\u0441\u043a\u043b\u0430\u0434\u044b\u0432\u0430\u043d\u0438\u044f_1-768x490.webp 768w, https:\/\/foldbook.art\/articles\/wp-content\/uploads\/2026\/02\/\u0418\u0441\u043a\u0443\u0441\u0441\u0442\u0432\u043e-\u0441\u043a\u043b\u0430\u0434\u044b\u0432\u0430\u043d\u0438\u044f_1-1536x979.webp 1536w, https:\/\/foldbook.art\/articles\/wp-content\/uploads\/2026\/02\/\u0418\u0441\u043a\u0443\u0441\u0441\u0442\u0432\u043e-\u0441\u043a\u043b\u0430\u0434\u044b\u0432\u0430\u043d\u0438\u044f_1-640x408.webp 640w, https:\/\/foldbook.art\/articles\/wp-content\/uploads\/2026\/02\/\u0418\u0441\u043a\u0443\u0441\u0441\u0442\u0432\u043e-\u0441\u043a\u043b\u0430\u0434\u044b\u0432\u0430\u043d\u0438\u044f_1.webp 1920w\" sizes=\"auto, (max-width: 1024px) 100vw, 1024px\" \/><\/a><\/figure>\n\n\n\n<div class=\"wp-block-group is-vertical is-layout-flex wp-container-core-group-is-layout-8cf370e7 wp-block-group-is-layout-flex\">\n<p class=\"has-black-color has-text-color has-link-color wp-elements-da7b5159805e52b1656f8baee4390a3c\" style=\"font-size:24px;font-style:normal;font-weight:700\"><a href=\"https:\/\/foldbook.art\/articles\/fr\/lart-du-pliage-des-pages-de-livre-du-simple-au-complexe\/\" data-type=\"page\" data-id=\"44\">L\u2019art du pliage des pages de livre : du simple au complexe<\/a><\/p>\n<\/div>\n<\/div>\n\n\n\n<div class=\"wp-block-group book-column is-style-card-group-shadow is-vertical is-layout-flex wp-container-core-group-is-layout-8cf370e7 wp-block-group-is-layout-flex\">\n<figure class=\"wp-block-image size-large is-style-card-image-shadow\"><a href=\"https:\/\/foldbook.art\/articles\/en\/gifts-from-books-diy-original-ideas-for-loved-ones\/\"><img alt=\"\" loading=\"lazy\" decoding=\"async\" width=\"1024\" height=\"653\" src=\"https:\/\/foldbook.art\/articles\/wp-content\/uploads\/2026\/02\/\u041f\u043e\u0434\u0430\u0440\u043e\u043a-\u0438\u0437-\u043a\u043d\u0438\u0433\u0438_1-1024x653.webp\" alt=\"\" class=\"wp-image-177\" srcset=\"https:\/\/foldbook.art\/articles\/wp-content\/uploads\/2026\/02\/\u041f\u043e\u0434\u0430\u0440\u043e\u043a-\u0438\u0437-\u043a\u043d\u0438\u0433\u0438_1-1024x653.webp 1024w, https:\/\/foldbook.art\/articles\/wp-content\/uploads\/2026\/02\/\u041f\u043e\u0434\u0430\u0440\u043e\u043a-\u0438\u0437-\u043a\u043d\u0438\u0433\u0438_1-300x191.webp 300w, https:\/\/foldbook.art\/articles\/wp-content\/uploads\/2026\/02\/\u041f\u043e\u0434\u0430\u0440\u043e\u043a-\u0438\u0437-\u043a\u043d\u0438\u0433\u0438_1-768x490.webp 768w, https:\/\/foldbook.art\/articles\/wp-content\/uploads\/2026\/02\/\u041f\u043e\u0434\u0430\u0440\u043e\u043a-\u0438\u0437-\u043a\u043d\u0438\u0433\u0438_1-1536x979.webp 1536w, https:\/\/foldbook.art\/articles\/wp-content\/uploads\/2026\/02\/\u041f\u043e\u0434\u0430\u0440\u043e\u043a-\u0438\u0437-\u043a\u043d\u0438\u0433\u0438_1-640x408.webp 640w, https:\/\/foldbook.art\/articles\/wp-content\/uploads\/2026\/02\/\u041f\u043e\u0434\u0430\u0440\u043e\u043a-\u0438\u0437-\u043a\u043d\u0438\u0433\u0438_1.webp 1920w\" sizes=\"auto, (max-width: 1024px) 100vw, 1024px\" \/><\/a><\/figure>\n\n\n\n<div class=\"wp-block-group is-vertical is-layout-flex wp-container-core-group-is-layout-8cf370e7 wp-block-group-is-layout-flex\">\n<p class=\"has-black-color has-text-color has-link-color wp-elements-cfa3edf571da9df66929482da59aa3b3\" style=\"font-size:24px;font-style:normal;font-weight:700\"><a href=\"https:\/\/foldbook.art\/articles\/fr\/cadeaux-a-partir-de-livres-diy-idees-originales-pour-vos-proches\/\" data-type=\"page\" data-id=\"44\">Cadeaux \u00e0 partir de livres DIY : id\u00e9es originales pour vos proches<\/a><\/p>\n<\/div>\n<\/div>\n\n\n\n<div class=\"wp-block-group book-column is-style-card-group-shadow is-vertical is-layout-flex wp-container-core-group-is-layout-8cf370e7 wp-block-group-is-layout-flex\">\n<figure class=\"wp-block-image size-large is-style-card-image-shadow\"><a href=\"https:\/\/foldbook.art\/articles\/en\/book-crafts-creative-ideas-for-home-and-gifts\/\"><img alt=\"\" loading=\"lazy\" decoding=\"async\" width=\"1024\" height=\"653\" src=\"https:\/\/foldbook.art\/articles\/wp-content\/uploads\/2026\/02\/\u0418\u0441\u043a\u0443\u0441\u0441\u0442\u0432\u043e-\u0441\u043a\u043b\u0430\u0434\u044b\u0432\u0430\u043d\u0438\u044f_2-1024x653.webp\" alt=\"\" class=\"wp-image-126\" srcset=\"https:\/\/foldbook.art\/articles\/wp-content\/uploads\/2026\/02\/\u0418\u0441\u043a\u0443\u0441\u0441\u0442\u0432\u043e-\u0441\u043a\u043b\u0430\u0434\u044b\u0432\u0430\u043d\u0438\u044f_2-1024x653.webp 1024w, https:\/\/foldbook.art\/articles\/wp-content\/uploads\/2026\/02\/\u0418\u0441\u043a\u0443\u0441\u0441\u0442\u0432\u043e-\u0441\u043a\u043b\u0430\u0434\u044b\u0432\u0430\u043d\u0438\u044f_2-300x191.webp 300w, https:\/\/foldbook.art\/articles\/wp-content\/uploads\/2026\/02\/\u0418\u0441\u043a\u0443\u0441\u0441\u0442\u0432\u043e-\u0441\u043a\u043b\u0430\u0434\u044b\u0432\u0430\u043d\u0438\u044f_2-768x490.webp 768w, https:\/\/foldbook.art\/articles\/wp-content\/uploads\/2026\/02\/\u0418\u0441\u043a\u0443\u0441\u0441\u0442\u0432\u043e-\u0441\u043a\u043b\u0430\u0434\u044b\u0432\u0430\u043d\u0438\u044f_2-1536x979.webp 1536w, https:\/\/foldbook.art\/articles\/wp-content\/uploads\/2026\/02\/\u0418\u0441\u043a\u0443\u0441\u0441\u0442\u0432\u043e-\u0441\u043a\u043b\u0430\u0434\u044b\u0432\u0430\u043d\u0438\u044f_2-640x408.webp 640w, https:\/\/foldbook.art\/articles\/wp-content\/uploads\/2026\/02\/\u0418\u0441\u043a\u0443\u0441\u0441\u0442\u0432\u043e-\u0441\u043a\u043b\u0430\u0434\u044b\u0432\u0430\u043d\u0438\u044f_2.webp 1920w\" sizes=\"auto, (max-width: 1024px) 100vw, 1024px\" \/><\/a><\/figure>\n\n\n\n<div class=\"wp-block-group is-vertical is-layout-flex wp-container-core-group-is-layout-8cf370e7 wp-block-group-is-layout-flex\">\n<p class=\"has-black-color has-text-color has-link-color wp-elements-7be9fa92b9b3f90ee5f9f821d2b5f172\" style=\"font-size:24px;font-style:normal;font-weight:700\"><a href=\"https:\/\/foldbook.art\/articles\/fr\/creations-a-partir-de-livres-idees-creatives-pour-la-maison-et-les-cadeaux\/\" data-type=\"page\" data-id=\"44\">Cr\u00e9ations \u00e0 partir de livres : id\u00e9es cr\u00e9atives pour la maison et les cadeaux<\/a><\/p>\n<\/div>\n<\/div>\n\n\n\n<div class=\"wp-block-group book-column is-style-card-group-shadow is-vertical is-layout-flex wp-container-core-group-is-layout-8cf370e7 wp-block-group-is-layout-flex\">\n<figure class=\"wp-block-image size-large is-style-card-image-shadow\"><a href=\"https:\/\/foldbook.art\/articles\/en\/diy-book-sculpture-step-by-step-guide\/\"><img alt=\"\" loading=\"lazy\" decoding=\"async\" width=\"1024\" height=\"653\" src=\"https:\/\/foldbook.art\/articles\/wp-content\/uploads\/2026\/02\/\u041f\u043e\u0434\u0430\u0440\u043e\u043a-\u0438\u0437-\u043a\u043d\u0438\u0433\u0438_2-1024x653.webp\" alt=\"\" class=\"wp-image-181\" srcset=\"https:\/\/foldbook.art\/articles\/wp-content\/uploads\/2026\/02\/\u041f\u043e\u0434\u0430\u0440\u043e\u043a-\u0438\u0437-\u043a\u043d\u0438\u0433\u0438_2-1024x653.webp 1024w, https:\/\/foldbook.art\/articles\/wp-content\/uploads\/2026\/02\/\u041f\u043e\u0434\u0430\u0440\u043e\u043a-\u0438\u0437-\u043a\u043d\u0438\u0433\u0438_2-300x191.webp 300w, https:\/\/foldbook.art\/articles\/wp-content\/uploads\/2026\/02\/\u041f\u043e\u0434\u0430\u0440\u043e\u043a-\u0438\u0437-\u043a\u043d\u0438\u0433\u0438_2-768x490.webp 768w, https:\/\/foldbook.art\/articles\/wp-content\/uploads\/2026\/02\/\u041f\u043e\u0434\u0430\u0440\u043e\u043a-\u0438\u0437-\u043a\u043d\u0438\u0433\u0438_2-1536x979.webp 1536w, https:\/\/foldbook.art\/articles\/wp-content\/uploads\/2026\/02\/\u041f\u043e\u0434\u0430\u0440\u043e\u043a-\u0438\u0437-\u043a\u043d\u0438\u0433\u0438_2-640x408.webp 640w, https:\/\/foldbook.art\/articles\/wp-content\/uploads\/2026\/02\/\u041f\u043e\u0434\u0430\u0440\u043e\u043a-\u0438\u0437-\u043a\u043d\u0438\u0433\u0438_2.webp 1920w\" sizes=\"auto, (max-width: 1024px) 100vw, 1024px\" \/><\/a><\/figure>\n\n\n\n<div class=\"wp-block-group is-vertical is-layout-flex wp-container-core-group-is-layout-8cf370e7 wp-block-group-is-layout-flex\">\n<p class=\"has-black-color has-text-color has-link-color wp-elements-df54ff7e7c8e49bb7c074012e0cffbcb\" style=\"font-size:24px;font-style:normal;font-weight:700\"><a href=\"https:\/\/foldbook.art\/articles\/fr\/diy-sculpture-sur-livre-guide-etape-par-etape\/\" data-type=\"page\" data-id=\"44\">DIY Sculpture sur livre : guide \u00e9tape par \u00e9tape<\/a><\/p>\n<\/div>\n<\/div>\n\n\n<div class=\"book-column book-px-2 text-center mt-5 px-3\"><a role=\"button\" class=\"btn book-btn book-shadow btn-orange d-flex justify-content-center align-items-center text-center my-2 my-sm-3\" href=\"https:\/\/foldbook.art\/\/order\"><span class=\"book-no-bonus\"><img loading=\"lazy\" decoding=\"async\" class=\"ml-1\" src=\"https:\/\/foldbook.art\/img\/ic-book.svg\" width=\"30\" height=\"30\" alt=\"book\"><\/span><span class=\"ml-2 ml-md-3 mr-1\">Buy and start assembling the book<\/span><\/a><\/div>\n","protected":false},"excerpt":{"rendered":"<p>G\u00e9n\u00e9rateur de mod\u00e8les de livres : cr\u00e9er des motifs de pliage en ligne L\u2019art du pliage des pages de livre : du simple au complexe Cadeaux \u00e0 partir de livres DIY : id\u00e9es originales pour vos proches Cr\u00e9ations \u00e0 partir de livres : id\u00e9es cr\u00e9atives pour la maison et les cadeaux DIY Sculpture sur livre [&hellip;]<\/p>\n","protected":false},"author":1,"featured_media":0,"parent":0,"menu_order":0,"comment_status":"closed","ping_status":"closed","template":"","meta":{"_seopress_robots_primary_cat":"","_seopress_titles_title":"","_seopress_titles_desc":"","_seopress_robots_index":"","footnotes":""},"class_list":["post-533","page","type-page","status-publish","hentry"],"_links":{"self":[{"href":"https:\/\/foldbook.art\/articles\/wp-json\/wp\/v2\/pages\/533","targetHints":{"allow":["GET"]}}],"collection":[{"href":"https:\/\/foldbook.art\/articles\/wp-json\/wp\/v2\/pages"}],"about":[{"href":"https:\/\/foldbook.art\/articles\/wp-json\/wp\/v2\/types\/page"}],"author":[{"embeddable":true,"href":"https:\/\/foldbook.art\/articles\/wp-json\/wp\/v2\/users\/1"}],"replies":[{"embeddable":true,"href":"https:\/\/foldbook.art\/articles\/wp-json\/wp\/v2\/comments?post=533"}],"version-history":[{"count":4,"href":"https:\/\/foldbook.art\/articles\/wp-json\/wp\/v2\/pages\/533\/revisions"}],"predecessor-version":[{"id":587,"href":"https:\/\/foldbook.art\/articles\/wp-json\/wp\/v2\/pages\/533\/revisions\/587"}],"wp:attachment":[{"href":"https:\/\/foldbook.art\/articles\/wp-json\/wp\/v2\/media?parent=533"}],"curies":[{"name":"wp","href":"https:\/\/api.w.org\/{rel}","templated":true}]}}